{"id":2,"date":"2011-04-08T00:57:48","date_gmt":"2011-04-08T00:57:48","guid":{"rendered":"http:\/\/98.130.96.103\/?page_id=2"},"modified":"2011-10-28T08:46:48","modified_gmt":"2011-10-28T10:46:48","slug":"sample-page","status":"publish","type":"page","link":"https:\/\/csifaudiovisual.es\/?page_id=2","title":{"rendered":"Nuestro Modelo Sindical"},"content":{"rendered":"<p style=\"text-align: justify;\"><strong>Independiente:<\/strong> El no estar supeditado a ning\u00fan tipo de ideolog\u00eda pol\u00edtica ni estar vinculado a organizaciones extrasindicales garantiza nuestra libertad de actuaci\u00f3n, manteniendo en nuestras actuaciones como \u00fanico inter\u00e9s la defensa de los derechos laborales.<\/p>\n<p style=\"text-align: justify;\"><strong>Profesional: <\/strong>Nuestro modelo sindical est\u00e1 basado en este principio. Cada grupo de trabajadores defiende y negocia sus propias demandas sin intromisiones de terceros, que pueden entorpecer o perjudicar las reivindicaciones de los diferentes sectores laborales.<\/p>\n<p style=\"text-align: justify;\"><strong>Solidario: <\/strong>El car\u00e1cter de profesionalidad de CSI-F no implica que cada sector laboral se encuentre aislado o al margen de los dem\u00e1s, ya que existe en nuestra organizaci\u00f3n un fuerte sentido de solidaridad, apoy\u00e1ndose entre s\u00ed todos los Sectores en sus reivindicaciones.<\/p>\n<p style=\"text-align: justify;\"><strong>Participativo:<\/strong> Que garantiza a los afiliados la posibilidad de poder tomar parte en la elaboraci\u00f3n de plataformas reivindicativas, negociaciones, etc., as\u00ed como en la elecci\u00f3n democr\u00e1tica de sus \u00f3rganos.<\/p>\n<p style=\"text-align: justify;\"><strong>Negociador:<\/strong> En CSI-F entendemos que la mejor forma de conseguir beneficios y mejoras laborales es a trav\u00e9s de la negociaci\u00f3n, manteniendo nuestros representantes este talante hasta el \u00faltimo extremo y mientras sea posible.<\/p>\n<p style=\"text-align: justify;\"><strong>Reivindicativo<\/strong>: Teniendo en cuenta el car\u00e1cter negociador nos declaramos como sindicato reivindicativo, abanderando las peticiones de los trabajadores y llevando a cabo cuantas acciones sean necesarias para facilitar su consecuci\u00f3n.<\/p>\n<p style=\"text-align: justify;\"><strong>Servicios: <\/strong>Siguiendo la l\u00ednea de los Sindicatos europeos y considerando que una Central Sindical no debe limitarse a la acci\u00f3n sindical nos abrimos en una l\u00ednea de servicios que faciliten el bienestar, la calidad de vida y la formaci\u00f3n de nuestros afiliados.<\/p>\n","protected":false},"excerpt":{"rendered":"<p>Independiente: El no estar supeditado a ning\u00fan tipo de ideolog\u00eda pol\u00edtica ni estar vinculado a organizaciones extrasindicales garantiza nuestra libertad de actuaci\u00f3n, manteniendo en nuestras actuaciones como \u00fanico inter\u00e9s la <a href=\"https:\/\/csifaudiovisual.es\/?page_id=2\" class=\"read-more button-fancy -red\"><span class=\"btn-arrow\"><\/span><span class=\"twp-read-more text\">Seguir leyendo<\/span><\/a><\/p>\n","protected":false},"author":2,"featured_media":0,"parent":0,"menu_order":0,"comment_status":"open","ping_status":"closed","template":"","meta":{"footnotes":""},"class_list":["post-2","page","type-page","status-publish","hentry"],"_links":{"self":[{"href":"https:\/\/csifaudiovisual.es\/index.php?rest_route=\/wp\/v2\/pages\/2","targetHints":{"allow":["GET"]}}],"collection":[{"href":"https:\/\/csifaudiovisual.es\/index.php?rest_route=\/wp\/v2\/pages"}],"about":[{"href":"https:\/\/csifaudiovisual.es\/index.php?rest_route=\/wp\/v2\/types\/page"}],"author":[{"embeddable":true,"href":"https:\/\/csifaudiovisual.es\/index.php?rest_route=\/wp\/v2\/users\/2"}],"replies":[{"embeddable":true,"href":"https:\/\/csifaudiovisual.es\/index.php?rest_route=%2Fwp%2Fv2%2Fcomments&post=2"}],"version-history":[{"count":7,"href":"https:\/\/csifaudiovisual.es\/index.php?rest_route=\/wp\/v2\/pages\/2\/revisions"}],"predecessor-version":[{"id":223,"href":"https:\/\/csifaudiovisual.es\/index.php?rest_route=\/wp\/v2\/pages\/2\/revisions\/223"}],"wp:attachment":[{"href":"https:\/\/csifaudiovisual.es\/index.php?rest_route=%2Fwp%2Fv2%2Fmedia&parent=2"}],"curies":[{"name":"wp","href":"https:\/\/api.w.org\/{rel}","templated":true}]}}